{"id":825,"date":"2022-03-02T07:05:06","date_gmt":"2022-03-02T07:05:06","guid":{"rendered":"https:\/\/startersites.io\/stagingtwo\/?page_id=825"},"modified":"2026-04-02T13:51:43","modified_gmt":"2026-04-02T13:51:43","slug":"oferta","status":"publish","type":"page","link":"https:\/\/tomekwodzirej.pl\/index.php\/oferta\/","title":{"rendered":"Oferta"},"content":{"rendered":"\n<div class=\"wp-block-stackable-columns alignfull stk-block-columns stk-block stk-cf247fd stk-block-background stk--has-background-overlay\" data-block-id=\"cf247fd\"><style>.stk-cf247fd {background-color:var(--theme-palette-color-4, #000000) !important;background-image:url(http:\/\/tomekwodzirej.pl\/wp-content\/uploads\/2024\/12\/st_48.webp) !important;padding-top:390px !important;padding-right:35px !important;padding-bottom:320px !important;padding-left:35px !important;margin-bottom:0px !important;}.stk-cf247fd:before{background-color:var(--theme-palette-color-4, #000000) !important;opacity:0.4 !important;}@media screen and (max-width:999px){.stk-cf247fd {padding-top:290px !important;padding-bottom:250px !important;}}@media screen and (max-width:689px){.stk-cf247fd {padding-top:220px !important;padding-right:18px !important;padding-bottom:180px !important;padding-left:18px !important;}}<\/style><div class=\"stk-row stk-inner-blocks has-text-align-center stk-block-content stk-content-align stk-cf247fd-column\">\n<div class=\"wp-block-stackable-column stk-block-column stk-column stk-block stk-1d93b9f\" data-v=\"4\" data-block-id=\"1d93b9f\"><style>.stk-1d93b9f-container{margin-top:0px !important;margin-right:0px !important;margin-bottom:0px !important;margin-left:0px !important;}<\/style><div class=\"stk-column-wrapper stk-block-column__content stk-container stk-1d93b9f-container stk--no-background stk--no-padding\"><div class=\"stk-block-content stk-inner-blocks stk-1d93b9f-inner-blocks\">\n\n\n\n<div class=\"wp-block-stackable-heading stk-block-heading stk-block-heading--v2 stk-block stk-436ce8b\" id=\"co-oferuj\" data-block-id=\"436ce8b\"><style>.stk-436ce8b {margin-bottom:16px !important;}.stk-436ce8b .stk-block-heading__text{font-size:100px !important;color:var(--theme-palette-color-8, #ffffff) !important;line-height:1.3em !important;font-weight:800 !important;}@media screen and (max-width:999px){.stk-436ce8b .stk-block-heading__text{font-size:70px !important;}}@media screen and (max-width:689px){.stk-436ce8b .stk-block-heading__text{font-size:40px !important;}}<\/style><h2 class=\"stk-block-heading__text has-text-color has-palette-color-8-color\">Co oferuj\u0119<\/h2><\/div>\n<\/div><\/div><\/div>\n<\/div><\/div>\n\n\n\n<div class=\"wp-block-stackable-columns stk-block-columns stk-block stk-b536dc7 stk-block-background\" data-block-id=\"b536dc7\"><style>.stk-b536dc7 {background-color:var(--theme-palette-color-8, #ffffff) !important;box-shadow:0px 20px 80px 0px #c1c7d440 !important;padding-top:90px !important;padding-right:35px !important;padding-bottom:90px !important;padding-left:35px !important;margin-top:-100px !important;margin-bottom:0px !important;}.stk-b536dc7:before{background-color:var(--theme-palette-color-8, #ffffff) !important;}.stk-b536dc7-column{--stk-column-gap:35px !important;row-gap:50px !important;}@media screen and (max-width:689px){.stk-b536dc7 {padding-top:15% !important;padding-right:10% !important;padding-bottom:15% !important;padding-left:10% !important;margin-top:-80px !important;}}<\/style><div class=\"stk-row stk-inner-blocks stk-block-content stk-content-align stk-b536dc7-column\">\n<div class=\"wp-block-stackable-column stk-block-column stk-column stk-block stk-c8c7b3b\" data-v=\"4\" data-block-id=\"c8c7b3b\"><style>.stk-c8c7b3b-container{margin-top:0px !important;margin-right:0px !important;margin-bottom:0px !important;margin-left:0px !important;}@media screen and (min-width:690px){.stk-c8c7b3b {flex:var(--stk-flex-grow, 1) 1 calc(25% - var(--stk-column-gap, 0px) * 3 \/ 4 ) !important;}}@media screen and (min-width:690px) and (max-width:999px){.stk-c8c7b3b {flex:var(--stk-flex-grow, 1) 1 calc(50% - var(--stk-column-gap, 0px) * 1 \/ 2 ) !important;}}<\/style><div class=\"stk-column-wrapper stk-block-column__content stk-container stk-c8c7b3b-container stk--no-background stk--no-padding\"><div class=\"has-text-align-center stk-block-content stk-inner-blocks stk-c8c7b3b-inner-blocks\">\n<div class=\"wp-block-stackable-image stk-block-image stk-block stk-ce21989\" data-block-id=\"ce21989\"><style>.stk-ce21989 {margin-bottom:16px !important;}.stk-ce21989 .stk-img-wrapper{width:50px !important;}<\/style><figure><span class=\"stk-img-wrapper stk-image--shape-stretch\"><img loading=\"lazy\" decoding=\"async\" class=\"stk-img wp-image-361\" src=\"http:\/\/tomekwodzirej.pl\/wp-content\/uploads\/2021\/07\/service-icon-3.svg\" width=\"70\" height=\"70\"\/><\/span><\/figure><\/div>\n\n\n\n<div class=\"wp-block-stackable-heading stk-block-heading stk-block-heading--v2 stk-block stk-b33f874\" id=\"wesela\" data-block-id=\"b33f874\"><style>.stk-b33f874 {margin-bottom:16px !important;}.stk-b33f874 .stk-block-heading__text{font-size:20px !important;font-weight:800 !important;}@media screen and (max-width:999px){.stk-b33f874 .stk-block-heading__text{font-size:20px !important;}}<\/style><h5 class=\"stk-block-heading__text\">Wesela<\/h5><\/div>\n\n\n\n<div class=\"wp-block-stackable-text stk-block-text stk-block stk-9fd81be\" data-block-id=\"9fd81be\"><style>.stk-9fd81be .stk-block-text__text{font-size:16px !important;}@media screen and (max-width:999px){.stk-9fd81be .stk-block-text__text{font-size:16px !important;}}<\/style><p class=\"stk-block-text__text\">Kompleksowa oprawa muzyczno &#8211; o\u015bwietleniowa i zabawa na pe\u0142nej petardzie<\/p><\/div>\n\n\n\n<div class=\"wp-block-stackable-button-group stk-block-button-group stk-block stk-acb396f\" data-block-id=\"acb396f\"><div class=\"stk-row stk-inner-blocks stk-block-content stk-button-group\">\n<div class=\"wp-block-stackable-button stk-block-button stk-block stk-82770c8\" data-block-id=\"82770c8\"><style>.stk-82770c8 .stk-button{padding-right:13px !important;padding-left:13px !important;}<\/style><a class=\"stk-link stk-button stk--hover-effect-darken\" href=\"http:\/\/tomekwodzirej.pl\/index.php\/oferta-wesela\/\" target=\"_blank\" rel=\"noreferrer noopener\"><span class=\"stk-button__inner-text\">Oferta weselna<\/span><\/a><\/div>\n<\/div><\/div>\n<\/div><\/div><\/div>\n\n\n\n<div class=\"wp-block-stackable-column stk-block-column stk-column stk-block stk-cdfd108\" data-v=\"4\" data-block-id=\"cdfd108\"><style>.stk-cdfd108-container{margin-top:0px !important;margin-right:0px !important;margin-bottom:0px !important;margin-left:0px !important;}@media screen and (min-width:690px){.stk-cdfd108 {flex:var(--stk-flex-grow, 1) 1 calc(25% - var(--stk-column-gap, 0px) * 3 \/ 4 ) !important;}}@media screen and (min-width:690px) and (max-width:999px){.stk-cdfd108 {flex:var(--stk-flex-grow, 1) 1 calc(50% - var(--stk-column-gap, 0px) * 1 \/ 2 ) !important;}}<\/style><div class=\"stk-column-wrapper stk-block-column__content stk-container stk-cdfd108-container stk--no-background stk--no-padding\"><div class=\"has-text-align-center stk-block-content stk-inner-blocks stk-cdfd108-inner-blocks\">\n<div class=\"wp-block-stackable-image stk-block-image stk-block stk-7d66949\" data-block-id=\"7d66949\"><style>.stk-7d66949 {margin-bottom:16px !important;}.stk-7d66949 .stk-img-wrapper{width:50px !important;}<\/style><figure><span class=\"stk-img-wrapper stk-image--shape-stretch\"><img loading=\"lazy\" decoding=\"async\" class=\"stk-img wp-image-1334\" src=\"http:\/\/tomekwodzirej.pl\/wp-content\/uploads\/2024\/12\/Music-Dj.png\" width=\"512\" height=\"512\" srcset=\"https:\/\/tomekwodzirej.pl\/wp-content\/uploads\/2024\/12\/Music-Dj.png 512w, https:\/\/tomekwodzirej.pl\/wp-content\/uploads\/2024\/12\/Music-Dj-300x300.png 300w, https:\/\/tomekwodzirej.pl\/wp-content\/uploads\/2024\/12\/Music-Dj-150x150.png 150w\" sizes=\"auto, (max-width: 512px) 100vw, 512px\" \/><\/span><\/figure><\/div>\n\n\n\n<div class=\"wp-block-stackable-heading stk-block-heading stk-block-heading--v2 stk-block stk-65e6609\" id=\"imprezy-firmowe\" data-block-id=\"65e6609\"><style>.stk-65e6609 {margin-bottom:16px !important;}.stk-65e6609 .stk-block-heading__text{font-size:20px !important;font-weight:800 !important;}@media screen and (max-width:999px){.stk-65e6609 .stk-block-heading__text{font-size:20px !important;}}<\/style><h5 class=\"stk-block-heading__text\">Imprezy firmowe<\/h5><\/div>\n\n\n\n<div class=\"wp-block-stackable-text stk-block-text stk-block stk-dc2c22f\" data-block-id=\"dc2c22f\"><style>.stk-dc2c22f .stk-block-text__text{font-size:16px !important;}@media screen and (max-width:999px){.stk-dc2c22f .stk-block-text__text{font-size:16px !important;}}<\/style><p class=\"stk-block-text__text\">Konferansjerka; prowadzenie event\u00f3w firmowych; nag\u0142o\u015bnienie i oprawa muzyczna<\/p><\/div>\n<\/div><\/div><\/div>\n\n\n\n<div class=\"wp-block-stackable-column stk-block-column stk-column stk-block stk-9646b4d\" data-v=\"4\" data-block-id=\"9646b4d\"><style>.stk-9646b4d-container{margin-top:0px !important;margin-right:0px !important;margin-bottom:0px !important;margin-left:0px !important;}@media screen and (min-width:690px){.stk-9646b4d {flex:var(--stk-flex-grow, 1) 1 calc(25% - var(--stk-column-gap, 0px) * 3 \/ 4 ) !important;}}@media screen and (min-width:690px) and (max-width:999px){.stk-9646b4d {flex:var(--stk-flex-grow, 1) 1 calc(50% - var(--stk-column-gap, 0px) * 1 \/ 2 ) !important;}}<\/style><div class=\"stk-column-wrapper stk-block-column__content stk-container stk-9646b4d-container stk--no-background stk--no-padding\"><div class=\"has-text-align-center stk-block-content stk-inner-blocks stk-9646b4d-inner-blocks\">\n<div class=\"wp-block-stackable-image stk-block-image stk-block stk-1ed4f0e\" data-block-id=\"1ed4f0e\"><style>.stk-1ed4f0e {margin-bottom:16px !important;}.stk-1ed4f0e .stk-img-wrapper{width:50px !important;}<\/style><figure><span class=\"stk-img-wrapper stk-image--shape-stretch\"><img loading=\"lazy\" decoding=\"async\" class=\"stk-img wp-image-359\" src=\"http:\/\/tomekwodzirej.pl\/wp-content\/uploads\/2021\/07\/service-icon-1.svg\" width=\"70\" height=\"70\"\/><\/span><\/figure><\/div>\n\n\n\n<div class=\"wp-block-stackable-heading stk-block-heading stk-block-heading--v2 stk-block stk-43b0b49\" id=\"imprezy-okolicznosciowe\" data-block-id=\"43b0b49\"><style>.stk-43b0b49 {margin-bottom:16px !important;}.stk-43b0b49 .stk-block-heading__text{font-size:20px !important;font-weight:800 !important;}@media screen and (max-width:999px){.stk-43b0b49 .stk-block-heading__text{font-size:20px !important;}}<\/style><h5 class=\"stk-block-heading__text\">Imprezy okoliczno\u015bciowe<\/h5><\/div>\n\n\n\n<div class=\"wp-block-stackable-text stk-block-text stk-block stk-3d09c82\" data-block-id=\"3d09c82\"><style>.stk-3d09c82 .stk-block-text__text{font-size:16px !important;}@media screen and (max-width:999px){.stk-3d09c82 .stk-block-text__text{font-size:16px !important;}}<\/style><p class=\"stk-block-text__text\">Oprawa muzyczna i prowadzenie zabaw na urodzinach czy rocznicach<\/p><\/div>\n<\/div><\/div><\/div>\n\n\n\n<div class=\"wp-block-stackable-column stk-block-column stk-column stk-block stk-78a8a4e\" data-v=\"4\" data-block-id=\"78a8a4e\"><style>.stk-78a8a4e-container{margin-top:0px !important;margin-right:0px !important;margin-bottom:0px !important;margin-left:0px !important;}@media screen and (min-width:690px){.stk-78a8a4e {flex:var(--stk-flex-grow, 1) 1 calc(25% - var(--stk-column-gap, 0px) * 3 \/ 4 ) !important;}}@media screen and (min-width:690px) and (max-width:999px){.stk-78a8a4e {flex:var(--stk-flex-grow, 1) 1 calc(50% - var(--stk-column-gap, 0px) * 1 \/ 2 ) !important;}}<\/style><div class=\"stk-column-wrapper stk-block-column__content stk-container stk-78a8a4e-container stk--no-background stk--no-padding\"><div class=\"has-text-align-center stk-block-content stk-inner-blocks stk-78a8a4e-inner-blocks\">\n<div class=\"wp-block-stackable-image stk-block-image stk-block stk-74b295b\" data-block-id=\"74b295b\"><style>.stk-74b295b {margin-bottom:16px !important;}.stk-74b295b .stk-img-wrapper{width:50px !important;}<\/style><figure><span class=\"stk-img-wrapper stk-image--shape-stretch\"><img loading=\"lazy\" decoding=\"async\" class=\"stk-img wp-image-1335\" src=\"http:\/\/tomekwodzirej.pl\/wp-content\/uploads\/2024\/12\/dzieci.png\" width=\"200\" height=\"200\" srcset=\"https:\/\/tomekwodzirej.pl\/wp-content\/uploads\/2024\/12\/dzieci.png 200w, https:\/\/tomekwodzirej.pl\/wp-content\/uploads\/2024\/12\/dzieci-150x150.png 150w\" sizes=\"auto, (max-width: 200px) 100vw, 200px\" \/><\/span><\/figure><\/div>\n\n\n\n<div class=\"wp-block-stackable-heading stk-block-heading stk-block-heading--v2 stk-block stk-ba4779f\" id=\"bale-dla-dzieci\" data-block-id=\"ba4779f\"><style>.stk-ba4779f {margin-bottom:16px !important;}.stk-ba4779f .stk-block-heading__text{font-size:20px !important;font-weight:800 !important;}@media screen and (max-width:999px){.stk-ba4779f .stk-block-heading__text{font-size:20px !important;}}<\/style><h5 class=\"stk-block-heading__text\">Bale dla dzieci<\/h5><\/div>\n\n\n\n<div class=\"wp-block-stackable-text stk-block-text stk-block stk-9402607\" data-block-id=\"9402607\"><style>.stk-9402607 .stk-block-text__text{font-size:16px !important;}@media screen and (max-width:999px){.stk-9402607 .stk-block-text__text{font-size:16px !important;}}<\/style><p class=\"stk-block-text__text\">Oryginalne pomys\u0142y na organizacj\u0119 zabaw, konkurs\u00f3w na balach dla dzieci<\/p><\/div>\n<\/div><\/div><\/div>\n<\/div><\/div>\n\n\n\n<div class=\"wp-block-stackable-spacer stk-block-spacer stk--no-padding stk-block stk-9014cde\" data-block-id=\"9014cde\"><style>.stk-9014cde {height:100px !important;}@media screen and (max-width:999px){.stk-9014cde {height:80px !important;}}@media screen and (max-width:689px){.stk-9014cde {height:60px !important;}}<\/style><\/div>\n\n\n\n<div class=\"wp-block-stackable-columns alignfull stk-block-columns stk-block stk-35d96db stk-block-background stk--has-background-overlay\" data-block-id=\"35d96db\"><style>.stk-35d96db {background-color:transparent !important;background-image:url(http:\/\/tomekwodzirej.pl\/wp-content\/uploads\/2021\/07\/flower-decoration-1.svg) !important;background-position:top left !important;background-repeat:no-repeat !important;background-size:700px !important;padding-top:0px !important;padding-right:0px !important;padding-bottom:0px !important;padding-left:0px !important;margin-bottom:0px !important;overflow:visible !important;}.stk-35d96db:before{background-color:transparent !important;opacity:0.5 !important;}.stk-35d96db .stk-container{overflow:visible !important;}@media screen and (max-width:999px){.stk-35d96db {background-position:top center !important;background-size:400px !important;}}<\/style><div class=\"stk-row stk-inner-blocks stk-block-content stk-content-align stk-35d96db-column\">\n<div class=\"wp-block-stackable-column stk-block-column stk-column stk-block stk-39a9a73\" data-v=\"4\" data-block-id=\"39a9a73\"><style>.stk-39a9a73-container{margin-top:0px !important;margin-right:0px !important;margin-bottom:0px !important;margin-left:0px !important;}<\/style><div class=\"stk-column-wrapper stk-block-column__content stk-container stk-39a9a73-container stk--no-background stk--no-padding\"><div class=\"stk-block-content stk-inner-blocks stk-39a9a73-inner-blocks\"><\/div><\/div><\/div>\n<\/div><\/div>\n\n\n\n<div class=\"wp-block-stackable-columns alignfull stk-block-columns stk-block stk-8615cec stk-block-background stk--has-background-overlay\" data-block-id=\"8615cec\"><style>.stk-8615cec {background-color:transparent !important;background-image:url(http:\/\/tomekwodzirej.pl\/wp-content\/uploads\/2021\/07\/flower-decoration-2.svg) !important;background-position:top right !important;background-repeat:no-repeat !important;background-size:700px !important;padding-top:0px !important;padding-right:0px !important;padding-bottom:0px !important;padding-left:0px !important;margin-bottom:0px !important;overflow:visible !important;}.stk-8615cec:before{background-color:transparent !important;opacity:0.5 !important;}.stk-8615cec .stk-container{overflow:visible !important;}<\/style><div class=\"stk-row stk-inner-blocks stk-block-content stk-content-align stk-8615cec-column\">\n<div class=\"wp-block-stackable-column stk-block-column stk-column stk-block stk-c4f4441\" data-v=\"4\" data-block-id=\"c4f4441\"><style>.stk-c4f4441-container{margin-top:0px !important;margin-right:0px !important;margin-bottom:0px !important;margin-left:0px !important;}<\/style><div class=\"stk-column-wrapper stk-block-column__content stk-container stk-c4f4441-container stk--no-background stk--no-padding\"><div class=\"stk-block-content stk-inner-blocks stk-c4f4441-inner-blocks\"><\/div><\/div><\/div>\n<\/div><\/div>\n","protected":false},"excerpt":{"rendered":"<p>Co oferuj\u0119 Wesela Kompleksowa oprawa muzyczno &#8211; o\u015bwietleniowa i zabawa na pe\u0142nej petardzie Oferta weselna Imprezy firmowe Konferansjerka; prowadzenie event\u00f3w firmowych; nag\u0142o\u015bnienie i oprawa muzyczna Imprezy okoliczno\u015bciowe Oprawa muzyczna i prowadzenie zabaw na urodzinach czy rocznicach Bale dla dzieci Oryginalne pomys\u0142y na organizacj\u0119 zabaw, konkurs\u00f3w na balach dla dzieci<\/p>\n","protected":false},"author":1,"featured_media":0,"parent":0,"menu_order":0,"comment_status":"closed","ping_status":"closed","template":"","meta":{"pgc_sgb_lightbox_settings":"","footnotes":""},"class_list":["post-825","page","type-page","status-publish","hentry"],"blocksy_meta":{"styles_descriptor":{"styles":{"desktop":"","tablet":"","mobile":""},"google_fonts":[],"version":6},"page_title_panel":"","has_hero_section":"disabled","74fe7b3295588a99619882c1d6c9ab97":"","hero_section":"type-1","hero_elements":[{"id":"custom_title","enabled":true,"heading_tag":"h1","title":"Home"},{"id":"custom_description","enabled":true,"description_visibility":{"desktop":true,"tablet":true,"mobile":false}},{"id":"custom_meta","enabled":false,"meta_elements":[{"id":"author","enabled":true,"label":"By","has_author_avatar":"yes","avatar_size":25},{"id":"post_date","enabled":true,"label":"On","date_format_source":"default","date_format":"M j, Y"},{"id":"updated_date","enabled":false,"label":"On","date_format_source":"default","date_format":"M j, Y"},{"id":"categories","enabled":false,"label":"In","style":"simple"},{"id":"comments","enabled":true}],"page_meta_elements":{"joined":true,"articles_count":true,"comments":true}},{"id":"breadcrumbs","enabled":false}],"a777da468e3027346735166550a31e5f":"","hero_alignment1":"CT_CSS_SKIP_RULE","hero_margin":40,"hero_alignment2":"center","hero_vertical_alignment":"center","36bd7675adef438a77c9830b6bf8b590":"","hero_structure":"narrow","2295dc4b5cb8d461fa87e3446bf0b9f0":"","page_title_bg_type":"featured_image","custom_hero_background":{"attachment_id":null},"parallax":{"desktop":false,"tablet":false,"mobile":false},"9df259a08cde1f85d1b3fa8ab64076c9":"","hero_height":"250px","pageTitleFont":{"family":"Default","variation":"Default","size":"30px","line-height":"CT_CSS_SKIP_RULE","letter-spacing":"CT_CSS_SKIP_RULE","text-transform":"CT_CSS_SKIP_RULE","text-decoration":"CT_CSS_SKIP_RULE"},"pageTitleFontColor":{"default":{"color":"CT_CSS_SKIP_RULEDEFAULT"}},"pageMetaFont":{"family":"Default","variation":"n6","size":"12px","line-height":"1.3","letter-spacing":"CT_CSS_SKIP_RULE","text-transform":"uppercase","text-decoration":"CT_CSS_SKIP_RULE"},"pageMetaFontColor":{"default":{"color":"CT_CSS_SKIP_RULEDEFAULT"},"hover":{"color":"CT_CSS_SKIP_RULEDEFAULT"}},"page_meta_button_type_font_colors":{"default":{"color":"CT_CSS_SKIP_RULEDEFAULT"},"hover":{"color":"CT_CSS_SKIP_RULEDEFAULT"}},"page_meta_button_type_background_colors":{"default":{"color":"CT_CSS_SKIP_RULEDEFAULT"},"hover":{"color":"CT_CSS_SKIP_RULEDEFAULT"}},"pageExcerptFont":{"family":"Default","variation":"Default","size":"CT_CSS_SKIP_RULE","line-height":"CT_CSS_SKIP_RULE","letter-spacing":"CT_CSS_SKIP_RULE","text-transform":"CT_CSS_SKIP_RULE","text-decoration":"CT_CSS_SKIP_RULE"},"pageExcerptColor":{"default":{"color":"CT_CSS_SKIP_RULEDEFAULT"}},"breadcrumbsFont":{"family":"Default","variation":"Default","size":"CT_CSS_SKIP_RULE","line-height":"CT_CSS_SKIP_RULE","letter-spacing":"CT_CSS_SKIP_RULE","text-transform":"CT_CSS_SKIP_RULE","text-decoration":"CT_CSS_SKIP_RULE"},"breadcrumbsFontColor":{"default":{"color":"CT_CSS_SKIP_RULEDEFAULT"},"initial":{"color":"CT_CSS_SKIP_RULEDEFAULT"},"hover":{"color":"CT_CSS_SKIP_RULEDEFAULT"}},"pageTitleOverlay":{"background_type":"color","background_pattern":"type-1","background_image":{"attachment_id":null,"x":0,"y":0},"gradient":"linear-gradient(135deg,rgba(6,147,227,1) 0%,rgb(155,81,224) 100%)","background_repeat":"repeat","background_size":"auto","background_attachment":"scroll","patternColor":{"default":{"color":"#e5e7ea"}},"overlayColor":{"default":{"color":"CT_CSS_SKIP_RULE"}},"backgroundColor":{"default":{"color":"CT_CSS_SKIP_RULE"}}},"pageTitleBackground":{"background_type":"color","background_pattern":"type-1","background_image":{"attachment_id":null,"x":0,"y":0},"gradient":"linear-gradient(135deg,rgba(6,147,227,1) 0%,rgb(155,81,224) 100%)","background_repeat":"repeat","background_size":"auto","background_attachment":"scroll","patternColor":{"default":{"color":"#e5e7ea"}},"overlayColor":{"default":{"color":"CT_CSS_SKIP_RULE"}},"backgroundColor":{"default":{"color":"var(--theme-palette-color-6)"}}},"pageTitlePadding":{"top":"50px","bottom":"50px","left":"auto","right":"auto","linked":true},"9a1975b486f40ece9ce62d44ca85e8c6":"","page_structure_type":"default","4c27cf38df0649918a9338b45381a5bd":"","content_style_source":"inherit","content_style":"wide","vertical_spacing_source":"custom","content_area_spacing":"none","background":{"background_type":"color","background_pattern":"type-1","background_image":{"attachment_id":null,"x":0,"y":0},"gradient":"linear-gradient(135deg,rgba(6,147,227,1) 0%,rgb(155,81,224) 100%)","background_repeat":"repeat","background_size":"auto","background_attachment":"scroll","patternColor":{"default":{"color":"#e5e7ea"}},"overlayColor":{"default":{"color":"CT_CSS_SKIP_RULE"}},"backgroundColor":{"default":{"color":"CT_CSS_SKIP_RULE"}}},"content_background":{"background_type":"color","background_pattern":"type-1","background_image":{"attachment_id":null,"x":0,"y":0},"gradient":"linear-gradient(135deg,rgba(6,147,227,1) 0%,rgb(155,81,224) 100%)","background_repeat":"repeat","background_size":"auto","background_attachment":"scroll","patternColor":{"default":{"color":"#e5e7ea"}},"overlayColor":{"default":{"color":"CT_CSS_SKIP_RULE"}},"backgroundColor":{"default":{"color":"var(--theme-palette-color-8)"}}},"content_boxed_shadow":{"inherit":false,"blur":18,"spread":-6,"v_offset":12,"h_offset":0,"inset":false,"enable":true,"color":{"color":"rgba(34, 56, 101, 0.04)"}},"boxed_content_spacing":{"desktop":{"top":"40px","bottom":"40px","left":"40px","right":"40px","linked":true},"tablet":{"top":"35px","bottom":"35px","left":"35px","right":"35px","linked":true},"mobile":{"top":"20px","bottom":"20px","left":"20px","right":"20px","linked":true}},"content_boxed_radius":{"top":"3px","bottom":"3px","left":"3px","right":"3px","linked":true},"11537f0fa82e9ac1f6225a038cf8b1e5":"","disable_featured_image":"no","disable_share_box":"no","disable_header":"no","disable_footer":"no"},"_links":{"self":[{"href":"https:\/\/tomekwodzirej.pl\/index.php\/wp-json\/wp\/v2\/pages\/825","targetHints":{"allow":["GET"]}}],"collection":[{"href":"https:\/\/tomekwodzirej.pl\/index.php\/wp-json\/wp\/v2\/pages"}],"about":[{"href":"https:\/\/tomekwodzirej.pl\/index.php\/wp-json\/wp\/v2\/types\/page"}],"author":[{"embeddable":true,"href":"https:\/\/tomekwodzirej.pl\/index.php\/wp-json\/wp\/v2\/users\/1"}],"replies":[{"embeddable":true,"href":"https:\/\/tomekwodzirej.pl\/index.php\/wp-json\/wp\/v2\/comments?post=825"}],"version-history":[{"count":23,"href":"https:\/\/tomekwodzirej.pl\/index.php\/wp-json\/wp\/v2\/pages\/825\/revisions"}],"predecessor-version":[{"id":1707,"href":"https:\/\/tomekwodzirej.pl\/index.php\/wp-json\/wp\/v2\/pages\/825\/revisions\/1707"}],"wp:attachment":[{"href":"https:\/\/tomekwodzirej.pl\/index.php\/wp-json\/wp\/v2\/media?parent=825"}],"curies":[{"name":"wp","href":"https:\/\/api.w.org\/{rel}","templated":true}]}}