{"id":678,"date":"2022-03-01T08:50:00","date_gmt":"2022-03-01T08:50:00","guid":{"rendered":"https:\/\/startersites.io\/stagingtwo\/?page_id=678"},"modified":"2025-03-05T13:33:48","modified_gmt":"2025-03-05T13:33:48","slug":"kontakt","status":"publish","type":"page","link":"https:\/\/tomekwodzirej.pl\/index.php\/kontakt\/","title":{"rendered":"Kontakt"},"content":{"rendered":"\n<div class=\"wp-block-stackable-columns alignfull stk-block-columns stk-block stk-cf247fd stk-block-background stk--has-background-overlay\" data-block-id=\"cf247fd\"><style>.stk-cf247fd {background-color:var(--theme-palette-color-4, #000000) !important;background-image:url(http:\/\/tomekwodzirej.pl\/wp-content\/uploads\/2024\/12\/st_53.webp) !important;padding-top:390px !important;padding-right:35px !important;padding-bottom:320px !important;padding-left:35px !important;margin-bottom:0px !important;}.stk-cf247fd:before{background-color:var(--theme-palette-color-4, #000000) !important;opacity:0.6 !important;}@media screen and (max-width:999px){.stk-cf247fd {padding-top:290px !important;padding-bottom:250px !important;}}@media screen and (max-width:689px){.stk-cf247fd {padding-top:220px !important;padding-right:18px !important;padding-bottom:180px !important;padding-left:18px !important;}}<\/style><div class=\"stk-row stk-inner-blocks has-text-align-center stk-block-content stk-content-align stk-cf247fd-column\">\n<div class=\"wp-block-stackable-column stk-block-column stk-column stk-block stk-1d93b9f\" data-v=\"4\" data-block-id=\"1d93b9f\"><style>.stk-1d93b9f-container{margin-top:0px !important;margin-right:0px !important;margin-bottom:0px !important;margin-left:0px !important;}<\/style><div class=\"stk-column-wrapper stk-block-column__content stk-container stk-1d93b9f-container stk--no-background stk--no-padding\"><div class=\"stk-block-content stk-inner-blocks stk-1d93b9f-inner-blocks\">\n\n\n\n<div class=\"wp-block-stackable-heading stk-block-heading stk-block-heading--v2 stk-block stk-436ce8b\" id=\"kontakt\" data-block-id=\"436ce8b\"><style>.stk-436ce8b {margin-bottom:16px !important;}.stk-436ce8b .stk-block-heading__text{font-size:100px !important;color:var(--theme-palette-color-8, #ffffff) !important;line-height:1.3em !important;font-weight:800 !important;}@media screen and (max-width:999px){.stk-436ce8b .stk-block-heading__text{font-size:70px !important;}}@media screen and (max-width:689px){.stk-436ce8b .stk-block-heading__text{font-size:40px !important;}}<\/style><h2 class=\"stk-block-heading__text has-text-color has-palette-color-8-color\">Kontakt<\/h2><\/div>\n<\/div><\/div><\/div>\n<\/div><\/div>\n\n\n\n<div class=\"wp-block-stackable-columns stk-block-columns stk-block stk-b536dc7 stk-block-background\" data-block-id=\"b536dc7\"><style>.stk-b536dc7 {background-color:var(--theme-palette-color-8, #ffffff) !important;box-shadow:0px 20px 80px 0px #c1c7d440 !important;padding-top:90px !important;padding-right:35px !important;padding-bottom:90px !important;padding-left:35px !important;margin-top:-100px !important;margin-bottom:0px !important;}.stk-b536dc7:before{background-color:var(--theme-palette-color-8, #ffffff) !important;}.stk-b536dc7-column{--stk-column-gap:35px !important;row-gap:35px !important;}@media screen and (max-width:689px){.stk-b536dc7 {padding-top:15% !important;padding-right:10% !important;padding-bottom:15% !important;padding-left:10% !important;margin-top:-80px !important;}}<\/style><div class=\"stk-row stk-inner-blocks stk-block-content stk-content-align stk-b536dc7-column\">\n<div class=\"wp-block-stackable-column stk-block-column stk-column stk-block stk-9646b4d\" data-v=\"4\" data-block-id=\"9646b4d\"><style>.stk-9646b4d-container{margin-top:0px !important;margin-right:0px !important;margin-bottom:0px !important;margin-left:0px !important;}<\/style><div class=\"stk-column-wrapper stk-block-column__content stk-container stk-9646b4d-container stk--no-background stk--no-padding\"><div class=\"has-text-align-center stk-block-content stk-inner-blocks stk-9646b4d-inner-blocks\">\n<div class=\"wp-block-stackable-image stk-block-image stk-block stk-1ed4f0e\" data-block-id=\"1ed4f0e\"><style>.stk-1ed4f0e {margin-bottom:16px !important;}.stk-1ed4f0e .stk-img-wrapper{width:40px !important;}<\/style><figure><span class=\"stk-img-wrapper stk-image--shape-stretch\"><img loading=\"lazy\" decoding=\"async\" class=\"stk-img wp-image-537\" src=\"http:\/\/tomekwodzirej.pl\/wp-content\/uploads\/2021\/07\/icon-phone.svg\" width=\"40\" height=\"300\"\/><\/span><\/figure><\/div>\n\n\n\n<div class=\"wp-block-stackable-heading stk-block-heading stk-block-heading--v2 stk-block stk-43b0b49\" id=\"numer-telefonu\" data-block-id=\"43b0b49\"><style>.stk-43b0b49 {margin-bottom:16px !important;}.stk-43b0b49 .stk-block-heading__text{font-size:20px !important;font-weight:800 !important;}@media screen and (max-width:999px){.stk-43b0b49 .stk-block-heading__text{font-size:20px !important;}}<\/style><h5 class=\"stk-block-heading__text\">Numer telefonu<\/h5><\/div>\n\n\n\n<div class=\"wp-block-stackable-text stk-block-text stk-block stk-3d09c82\" data-block-id=\"3d09c82\"><style>.stk-3d09c82 .stk-block-text__text{font-size:16px !important;}@media screen and (max-width:999px){.stk-3d09c82 .stk-block-text__text{font-size:16px !important;}}<\/style><p class=\"stk-block-text__text\">+48 604 345 937<\/p><\/div>\n<\/div><\/div><\/div>\n\n\n\n<div class=\"wp-block-stackable-column stk-block-column stk-column stk-block stk-7ca4c8a\" data-v=\"4\" data-block-id=\"7ca4c8a\"><style>.stk-7ca4c8a-container{margin-top:0px !important;margin-right:0px !important;margin-bottom:0px !important;margin-left:0px !important;}<\/style><div class=\"stk-column-wrapper stk-block-column__content stk-container stk-7ca4c8a-container stk--no-background stk--no-padding\"><div class=\"has-text-align-center stk-block-content stk-inner-blocks stk-7ca4c8a-inner-blocks\">\n<div class=\"wp-block-stackable-image stk-block-image stk-block stk-f7389a1\" data-block-id=\"f7389a1\"><style>.stk-f7389a1 {margin-bottom:16px !important;}.stk-f7389a1 .stk-img-wrapper{width:40px !important;}<\/style><figure><span class=\"stk-img-wrapper stk-image--shape-stretch\"><img loading=\"lazy\" decoding=\"async\" class=\"stk-img wp-image-1400\" src=\"http:\/\/tomekwodzirej.pl\/wp-content\/uploads\/2025\/01\/social-media.png\" width=\"200\" height=\"200\" srcset=\"https:\/\/tomekwodzirej.pl\/wp-content\/uploads\/2025\/01\/social-media.png 200w, https:\/\/tomekwodzirej.pl\/wp-content\/uploads\/2025\/01\/social-media-150x150.png 150w\" sizes=\"auto, (max-width: 200px) 100vw, 200px\" \/><\/span><\/figure><\/div>\n\n\n\n<div class=\"wp-block-stackable-heading stk-block-heading stk-block-heading--v2 stk-block stk-7067f8d\" id=\"social-media\" data-block-id=\"7067f8d\"><style>.stk-7067f8d {margin-bottom:16px !important;}.stk-7067f8d .stk-block-heading__text{font-size:20px !important;font-weight:800 !important;}@media screen and (max-width:999px){.stk-7067f8d .stk-block-heading__text{font-size:20px !important;}}<\/style><h5 class=\"stk-block-heading__text\">Social media<\/h5><\/div>\n\n\n\n<ul class=\"wp-block-social-links aligncenter is-layout-flex wp-block-social-links-is-layout-flex\"><li class=\"wp-social-link wp-social-link-instagram  wp-block-social-link\"><a href=\"https:\/\/www.instagram.com\/wodzirejaprzygoda\/\" class=\"wp-block-social-link-anchor\" target=\"_blank\" rel=\"noopener\"><svg width=\"24\" height=\"24\" viewBox=\"0 0 24 24\" version=\"1.1\" xmlns=\"http:\/\/www.w3.org\/2000\/svg\" aria-hidden=\"true\" focusable=\"false\"><path d=\"M12,4.622c2.403,0,2.688,0.009,3.637,0.052c0.877,0.04,1.354,0.187,1.671,0.31c0.42,0.163,0.72,0.358,1.035,0.673 c0.315,0.315,0.51,0.615,0.673,1.035c0.123,0.317,0.27,0.794,0.31,1.671c0.043,0.949,0.052,1.234,0.052,3.637 s-0.009,2.688-0.052,3.637c-0.04,0.877-0.187,1.354-0.31,1.671c-0.163,0.42-0.358,0.72-0.673,1.035 c-0.315,0.315-0.615,0.51-1.035,0.673c-0.317,0.123-0.794,0.27-1.671,0.31c-0.949,0.043-1.233,0.052-3.637,0.052 s-2.688-0.009-3.637-0.052c-0.877-0.04-1.354-0.187-1.671-0.31c-0.42-0.163-0.72-0.358-1.035-0.673 c-0.315-0.315-0.51-0.615-0.673-1.035c-0.123-0.317-0.27-0.794-0.31-1.671C4.631,14.688,4.622,14.403,4.622,12 s0.009-2.688,0.052-3.637c0.04-0.877,0.187-1.354,0.31-1.671c0.163-0.42,0.358-0.72,0.673-1.035 c0.315-0.315,0.615-0.51,1.035-0.673c0.317-0.123,0.794-0.27,1.671-0.31C9.312,4.631,9.597,4.622,12,4.622 M12,3 C9.556,3,9.249,3.01,8.289,3.054C7.331,3.098,6.677,3.25,6.105,3.472C5.513,3.702,5.011,4.01,4.511,4.511 c-0.5,0.5-0.808,1.002-1.038,1.594C3.25,6.677,3.098,7.331,3.054,8.289C3.01,9.249,3,9.556,3,12c0,2.444,0.01,2.751,0.054,3.711 c0.044,0.958,0.196,1.612,0.418,2.185c0.23,0.592,0.538,1.094,1.038,1.594c0.5,0.5,1.002,0.808,1.594,1.038 c0.572,0.222,1.227,0.375,2.185,0.418C9.249,20.99,9.556,21,12,21s2.751-0.01,3.711-0.054c0.958-0.044,1.612-0.196,2.185-0.418 c0.592-0.23,1.094-0.538,1.594-1.038c0.5-0.5,0.808-1.002,1.038-1.594c0.222-0.572,0.375-1.227,0.418-2.185 C20.99,14.751,21,14.444,21,12s-0.01-2.751-0.054-3.711c-0.044-0.958-0.196-1.612-0.418-2.185c-0.23-0.592-0.538-1.094-1.038-1.594 c-0.5-0.5-1.002-0.808-1.594-1.038c-0.572-0.222-1.227-0.375-2.185-0.418C14.751,3.01,14.444,3,12,3L12,3z M12,7.378 c-2.552,0-4.622,2.069-4.622,4.622S9.448,16.622,12,16.622s4.622-2.069,4.622-4.622S14.552,7.378,12,7.378z M12,15 c-1.657,0-3-1.343-3-3s1.343-3,3-3s3,1.343,3,3S13.657,15,12,15z M16.804,6.116c-0.596,0-1.08,0.484-1.08,1.08 s0.484,1.08,1.08,1.08c0.596,0,1.08-0.484,1.08-1.08S17.401,6.116,16.804,6.116z\"><\/path><\/svg><span class=\"wp-block-social-link-label screen-reader-text\">Instagram<\/span><\/a><\/li>\n\n<li class=\"wp-social-link wp-social-link-facebook  wp-block-social-link\"><a href=\"https:\/\/www.facebook.com\/wodzirejtomekkowara\" class=\"wp-block-social-link-anchor\" target=\"_blank\" rel=\"noopener\"><svg width=\"24\" height=\"24\" viewBox=\"0 0 24 24\" version=\"1.1\" xmlns=\"http:\/\/www.w3.org\/2000\/svg\" aria-hidden=\"true\" focusable=\"false\"><path d=\"M12 2C6.5 2 2 6.5 2 12c0 5 3.7 9.1 8.4 9.9v-7H7.9V12h2.5V9.8c0-2.5 1.5-3.9 3.8-3.9 1.1 0 2.2.2 2.2.2v2.5h-1.3c-1.2 0-1.6.8-1.6 1.6V12h2.8l-.4 2.9h-2.3v7C18.3 21.1 22 17 22 12c0-5.5-4.5-10-10-10z\"><\/path><\/svg><span class=\"wp-block-social-link-label screen-reader-text\">Facebook<\/span><\/a><\/li><\/ul>\n<\/div><\/div><\/div>\n\n\n\n<div class=\"wp-block-stackable-column stk-block-column stk-column stk-block stk-cdfd108\" data-v=\"4\" data-block-id=\"cdfd108\"><style>.stk-cdfd108-container{margin-top:0px !important;margin-right:0px !important;margin-bottom:0px !important;margin-left:0px !important;}<\/style><div class=\"stk-column-wrapper stk-block-column__content stk-container stk-cdfd108-container stk--no-background stk--no-padding\"><div class=\"has-text-align-center stk-block-content stk-inner-blocks stk-cdfd108-inner-blocks\">\n<div class=\"wp-block-stackable-image stk-block-image stk-block stk-7d66949\" data-block-id=\"7d66949\"><style>.stk-7d66949 {margin-bottom:16px !important;}.stk-7d66949 .stk-img-wrapper{width:40px !important;}<\/style><figure><span class=\"stk-img-wrapper stk-image--shape-stretch\"><img loading=\"lazy\" decoding=\"async\" class=\"stk-img wp-image-536\" src=\"http:\/\/tomekwodzirej.pl\/wp-content\/uploads\/2021\/07\/icon-envelope.svg\" width=\"40\" height=\"300\"\/><\/span><\/figure><\/div>\n\n\n\n<div class=\"wp-block-stackable-heading stk-block-heading stk-block-heading--v2 stk-block stk-9c43e95\" id=\"adres-email\" data-block-id=\"9c43e95\"><style>.stk-9c43e95 {margin-bottom:16px !important;}.stk-9c43e95 .stk-block-heading__text{font-size:20px !important;font-weight:800 !important;}@media screen and (max-width:999px){.stk-9c43e95 .stk-block-heading__text{font-size:20px !important;}}<\/style><h5 class=\"stk-block-heading__text\">Adres email<\/h5><\/div>\n\n\n\n<div class=\"wp-block-stackable-text stk-block-text stk-block stk-dc2c22f\" data-block-id=\"dc2c22f\"><style>.stk-dc2c22f .stk-block-text__text{font-size:16px !important;}@media screen and (max-width:999px){.stk-dc2c22f .stk-block-text__text{font-size:16px !important;}}<\/style><p class=\"stk-block-text__text\">tomek.wodzirej@gmail.com<\/p><\/div>\n\n\n\n<div class=\"wp-block-stackable-image-box stk-block-image-box stk-hover-parent stk-block stk-9abb0ab is-style-default\" data-block-id=\"9abb0ab\"><div class=\"stk-block-content stk-inner-blocks has-text-align-center stk-row stk-block-image-box__content\">\n<div class=\"wp-block-stackable-image stk-block-image stk-block stk-be60800\" data-block-id=\"be60800\"><style>.stk-be60800 .stk-img-wrapper{height:350px !important;}:where(.stk-hover-parent:hover,  .stk-hover-parent.stk--is-hovered) .stk-be60800 .stk-img-wrapper::after{background-color:#000000B3 !important;}<\/style><\/div>\n\n\n\n<div class=\"wp-block-stackable-column stk-block-column stk-column stk-block stk-1c5e252\" data-v=\"4\" data-block-id=\"1c5e252\"><style>.stk-1c5e252 {align-items:center !important;display:flex !important;}<\/style><div class=\"stk-column-wrapper stk-block-column__content stk-container stk-1c5e252-container stk--no-background stk--no-padding\"><div class=\"stk-block-content stk-inner-blocks stk-1c5e252-inner-blocks\">\n<div class=\"wp-block-stackable-subtitle stk-block-subtitle stk-block stk-d74aecd\" data-block-id=\"d74aecd\"><style>.stk-d74aecd {margin-bottom:8px !important;opacity:0 !important;}:where(.stk-hover-parent:hover,  .stk-hover-parent.stk--is-hovered) .stk-d74aecd{opacity:1 !important;}.stk-d74aecd .stk-block-subtitle__text{color:#FFFFFF !important;}<\/style><p class=\"stk-block-subtitle__text stk-subtitle has-text-color has-white-color\">Subtitle for This Block<\/p><\/div>\n\n\n\n<div class=\"wp-block-stackable-heading stk-block-heading stk-block-heading--v2 stk-block stk-77d68d6\" id=\"title-for-this-block\" data-block-id=\"77d68d6\"><style>.stk-77d68d6 .stk-block-heading__text{color:#FFFFFF !important;}<\/style><h4 class=\"stk-block-heading__text has-text-color has-white-color\">Title for This Block<\/h4><\/div>\n\n\n\n<div class=\"wp-block-stackable-text stk-block-text stk-block stk-e99fc60\" data-block-id=\"e99fc60\"><style>.stk-e99fc60 {opacity:0 !important;}:where(.stk-hover-parent:hover,  .stk-hover-parent.stk--is-hovered) .stk-e99fc60{opacity:1 !important;}.stk-e99fc60 .stk-block-text__text{color:#FFFFFF !important;}<\/style><p class=\"stk-block-text__text has-text-color has-white-color\">Text for This Block<\/p><\/div>\n\n\n\n<div class=\"wp-block-stackable-icon stk-block-icon stk-block stk-e5d0eb2\" data-block-id=\"e5d0eb2\"><style>.stk-e5d0eb2 {margin-top:56px !important;opacity:0 !important;}:where(.stk-hover-parent:hover,  .stk-hover-parent.stk--is-hovered) .stk-e5d0eb2{opacity:1 !important;}.stk-e5d0eb2 .stk--svg-wrapper .stk--inner-svg svg:last-child, .stk-e5d0eb2 .stk--svg-wrapper .stk--inner-svg svg:last-child :is(g, path, rect, polygon, ellipse){fill:#FFFFFF !important;}<\/style><span class=\"stk--svg-wrapper\"><div class=\"stk--inner-svg\"><svg style=\"height:0;width:0\"><defs><linearGradient id=\"linear-gradient-e5d0eb2\" x1=\"0\" x2=\"100%\" y1=\"0\" y2=\"0\"><stop offset=\"0%\" style=\"stop-opacity:1;stop-color:var(--linear-gradient-e-5-d-0-eb-2-color-1)\"><\/stop><stop offset=\"100%\" style=\"stop-opacity:1;stop-color:var(--linear-gradient-e-5-d-0-eb-2-color-2)\"><\/stop><\/linearGradient><\/defs><\/svg><svg data-prefix=\"fas\" data-icon=\"arrow-right\" class=\"svg-inline--fa fa-arrow-right fa-w-14\" xmlns=\"http:\/\/www.w3.org\/2000\/svg\" viewBox=\"0 0 448 512\" aria-hidden=\"true\" width=\"32\" height=\"32\"><path fill=\"currentColor\" d=\"M190.5 66.9l22.2-22.2c9.4-9.4 24.6-9.4 33.9 0L441 239c9.4 9.4 9.4 24.6 0 33.9L246.6 467.3c-9.4 9.4-24.6 9.4-33.9 0l-22.2-22.2c-9.5-9.5-9.3-25 .4-34.3L311.4 296H24c-13.3 0-24-10.7-24-24v-32c0-13.3 10.7-24 24-24h287.4L190.9 101.2c-9.8-9.3-10-24.8-.4-34.3z\"><\/path><\/svg><\/div><\/span><\/div>\n<\/div><\/div><\/div>\n<\/div><\/div>\n<\/div><\/div><\/div>\n\n\n\n<div class=\"wp-block-stackable-column stk-block-column stk-column stk-block stk-c8c7b3b\" data-v=\"4\" data-block-id=\"c8c7b3b\"><style>.stk-c8c7b3b-container{margin-top:0px !important;margin-right:0px !important;margin-bottom:0px !important;margin-left:0px !important;}<\/style><div class=\"stk-column-wrapper stk-block-column__content stk-container stk-c8c7b3b-container stk--no-background stk--no-padding\"><div class=\"has-text-align-center stk-block-content stk-inner-blocks stk-c8c7b3b-inner-blocks\">\n<div class=\"wp-block-stackable-image stk-block-image stk-block stk-ce21989\" data-block-id=\"ce21989\"><style>.stk-ce21989 {margin-bottom:16px !important;}.stk-ce21989 .stk-img-wrapper{width:40px !important;}<\/style><figure><span class=\"stk-img-wrapper stk-image--shape-stretch\"><img loading=\"lazy\" decoding=\"async\" class=\"stk-img wp-image-535\" src=\"http:\/\/tomekwodzirej.pl\/wp-content\/uploads\/2021\/07\/icon-pin.svg\" width=\"40\" height=\"300\"\/><\/span><\/figure><\/div>\n\n\n\n<div class=\"wp-block-stackable-heading stk-block-heading stk-block-heading--v2 stk-block stk-65e6609\" id=\"dane-firmy\" data-block-id=\"65e6609\"><style>.stk-65e6609 {margin-bottom:16px !important;}.stk-65e6609 .stk-block-heading__text{font-size:20px !important;font-weight:800 !important;}@media screen and (max-width:999px){.stk-65e6609 .stk-block-heading__text{font-size:20px !important;}}<\/style><h5 class=\"stk-block-heading__text\">Dane firmy<\/h5><\/div>\n\n\n\n<div class=\"wp-block-stackable-text stk-block-text stk-block stk-9fd81be\" data-block-id=\"9fd81be\"><style>.stk-9fd81be .stk-block-text__text{font-size:16px !important;}@media screen and (max-width:999px){.stk-9fd81be .stk-block-text__text{font-size:16px !important;}}<\/style><p class=\"stk-block-text__text\">Wodzirej Tomasz Kowara<br>P\u0142y\u0107wia 76<br>96-126 Godzian\u00f3w<br>NIP 8361874167<\/p><\/div>\n<\/div><\/div><\/div>\n<\/div><\/div>\n\n\n\n<div class=\"wp-block-stackable-spacer stk-block-spacer stk--no-padding stk-block stk-9014cde\" data-block-id=\"9014cde\"><style>.stk-9014cde {height:130px !important;}@media screen and (max-width:999px){.stk-9014cde {height:80px !important;}}@media screen and (max-width:689px){.stk-9014cde {height:60px !important;}}<\/style><\/div>\n\n\n\n<div class=\"wp-block-stackable-columns alignfull stk-block-columns stk-block stk-eacf56a stk-block-background stk--has-background-overlay\" data-block-id=\"eacf56a\"><style>.stk-eacf56a {background-color:transparent !important;background-image:url(http:\/\/tomekwodzirej.pl\/wp-content\/uploads\/2021\/07\/flower-decoration-1.svg) !important;background-position:center left !important;background-repeat:no-repeat !important;background-size:700px !important;padding-top:0px !important;padding-right:0px !important;padding-bottom:0px !important;padding-left:0px !important;margin-bottom:0px !important;}.stk-eacf56a:before{background-color:transparent !important;opacity:0.5 !important;}@media screen and (max-width:689px){.stk-eacf56a {background-position:top center !important;background-size:400px !important;}}<\/style><div class=\"stk-row stk-inner-blocks stk-block-content stk-content-align stk-eacf56a-column\">\n<div class=\"wp-block-stackable-column stk-block-column stk-column stk-block stk-228b1fb\" data-v=\"4\" data-block-id=\"228b1fb\"><style>.stk-228b1fb-container{margin-top:0px !important;margin-right:0px !important;margin-bottom:0px !important;margin-left:0px !important;}<\/style><div class=\"stk-column-wrapper stk-block-column__content stk-container stk-228b1fb-container stk--no-background stk--no-padding\"><div class=\"stk-block-content stk-inner-blocks stk-228b1fb-inner-blocks\"><\/div><\/div><\/div>\n<\/div><\/div>\n\n\n\n<p><\/p>\n","protected":false},"excerpt":{"rendered":"<p>Kontakt Numer telefonu +48 604 345 937 Social media Adres email tomek.wodzirej@gmail.com Subtitle for This Block Title for This Block Text for This Block Dane firmy Wodzirej Tomasz KowaraP\u0142y\u0107wia 7696-126 Godzian\u00f3wNIP 8361874167<\/p>\n","protected":false},"author":1,"featured_media":0,"parent":0,"menu_order":0,"comment_status":"closed","ping_status":"closed","template":"","meta":{"pgc_sgb_lightbox_settings":"","footnotes":""},"class_list":["post-678","page","type-page","status-publish","hentry"],"blocksy_meta":{"styles_descriptor":{"styles":{"desktop":"","tablet":"","mobile":""},"google_fonts":[],"version":6},"page_title_panel":"","has_hero_section":"disabled","392b7e43ae598ff3c4847b936747b69f":"","hero_section":"type-1","hero_elements":[{"id":"custom_title","enabled":true,"heading_tag":"h1","title":"Home"},{"id":"custom_description","enabled":true,"description_visibility":{"desktop":true,"tablet":true,"mobile":false}},{"id":"custom_meta","enabled":false,"meta_elements":[{"id":"author","enabled":true,"label":"By","has_author_avatar":"yes","avatar_size":25},{"id":"post_date","enabled":true,"label":"On","date_format_source":"default","date_format":"M j, Y"},{"id":"updated_date","enabled":false,"label":"On","date_format_source":"default","date_format":"M j, Y"},{"id":"categories","enabled":false,"label":"In","style":"simple"},{"id":"comments","enabled":true}],"page_meta_elements":{"joined":true,"articles_count":true,"comments":true}},{"id":"breadcrumbs","enabled":false}],"943af5d9cf64e0729d58495d5a644ce8":"","hero_alignment1":"CT_CSS_SKIP_RULE","hero_margin":40,"hero_alignment2":"center","hero_vertical_alignment":"center","cf8c6ed215a8beaa32e91d6267e52593":"","hero_structure":"narrow","323f05bb0761330f7c4eeef2eb50c1d3":"","page_title_bg_type":"featured_image","custom_hero_background":{"attachment_id":null},"parallax":{"desktop":false,"tablet":false,"mobile":false},"2373d8dd70bebb8baa4dcd2b3914d3ff":"","hero_height":"250px","pageTitleFont":{"family":"Default","variation":"Default","size":"30px","line-height":"CT_CSS_SKIP_RULE","letter-spacing":"CT_CSS_SKIP_RULE","text-transform":"CT_CSS_SKIP_RULE","text-decoration":"CT_CSS_SKIP_RULE"},"pageTitleFontColor":{"default":{"color":"CT_CSS_SKIP_RULEDEFAULT"}},"pageMetaFont":{"family":"Default","variation":"n6","size":"12px","line-height":"1.3","letter-spacing":"CT_CSS_SKIP_RULE","text-transform":"uppercase","text-decoration":"CT_CSS_SKIP_RULE"},"pageMetaFontColor":{"default":{"color":"CT_CSS_SKIP_RULEDEFAULT"},"hover":{"color":"CT_CSS_SKIP_RULEDEFAULT"}},"page_meta_button_type_font_colors":{"default":{"color":"CT_CSS_SKIP_RULEDEFAULT"},"hover":{"color":"CT_CSS_SKIP_RULEDEFAULT"}},"page_meta_button_type_background_colors":{"default":{"color":"CT_CSS_SKIP_RULEDEFAULT"},"hover":{"color":"CT_CSS_SKIP_RULEDEFAULT"}},"pageExcerptFont":{"family":"Default","variation":"Default","size":"CT_CSS_SKIP_RULE","line-height":"CT_CSS_SKIP_RULE","letter-spacing":"CT_CSS_SKIP_RULE","text-transform":"CT_CSS_SKIP_RULE","text-decoration":"CT_CSS_SKIP_RULE"},"pageExcerptColor":{"default":{"color":"CT_CSS_SKIP_RULEDEFAULT"}},"breadcrumbsFont":{"family":"Default","variation":"Default","size":"CT_CSS_SKIP_RULE","line-height":"CT_CSS_SKIP_RULE","letter-spacing":"CT_CSS_SKIP_RULE","text-transform":"CT_CSS_SKIP_RULE","text-decoration":"CT_CSS_SKIP_RULE"},"breadcrumbsFontColor":{"default":{"color":"CT_CSS_SKIP_RULEDEFAULT"},"initial":{"color":"CT_CSS_SKIP_RULEDEFAULT"},"hover":{"color":"CT_CSS_SKIP_RULEDEFAULT"}},"pageTitleOverlay":{"background_type":"color","background_pattern":"type-1","background_image":{"attachment_id":null,"x":0,"y":0},"gradient":"linear-gradient(135deg,rgba(6,147,227,1) 0%,rgb(155,81,224) 100%)","background_repeat":"repeat","background_size":"auto","background_attachment":"scroll","patternColor":{"default":{"color":"#e5e7ea"}},"overlayColor":{"default":{"color":"CT_CSS_SKIP_RULE"}},"backgroundColor":{"default":{"color":"CT_CSS_SKIP_RULE"}}},"pageTitleBackground":{"background_type":"color","background_pattern":"type-1","background_image":{"attachment_id":null,"x":0,"y":0},"gradient":"linear-gradient(135deg,rgba(6,147,227,1) 0%,rgb(155,81,224) 100%)","background_repeat":"repeat","background_size":"auto","background_attachment":"scroll","patternColor":{"default":{"color":"#e5e7ea"}},"overlayColor":{"default":{"color":"CT_CSS_SKIP_RULE"}},"backgroundColor":{"default":{"color":"var(--theme-palette-color-6)"}}},"pageTitlePadding":{"top":"50px","bottom":"50px","left":"auto","right":"auto","linked":true},"767a4f6c68612a4c226719a6cf6092ab":"","page_structure_type":"default","aec0a7f1cd371059255a2ed8ad653931":"","content_style_source":"inherit","content_style":"wide","vertical_spacing_source":"custom","content_area_spacing":"none","background":{"background_type":"color","background_pattern":"type-1","background_image":{"attachment_id":null,"x":0,"y":0},"gradient":"linear-gradient(135deg,rgba(6,147,227,1) 0%,rgb(155,81,224) 100%)","background_repeat":"repeat","background_size":"auto","background_attachment":"scroll","patternColor":{"default":{"color":"#e5e7ea"}},"overlayColor":{"default":{"color":"CT_CSS_SKIP_RULE"}},"backgroundColor":{"default":{"color":"CT_CSS_SKIP_RULE"}}},"content_background":{"background_type":"color","background_pattern":"type-1","background_image":{"attachment_id":null,"x":0,"y":0},"gradient":"linear-gradient(135deg,rgba(6,147,227,1) 0%,rgb(155,81,224) 100%)","background_repeat":"repeat","background_size":"auto","background_attachment":"scroll","patternColor":{"default":{"color":"#e5e7ea"}},"overlayColor":{"default":{"color":"CT_CSS_SKIP_RULE"}},"backgroundColor":{"default":{"color":"var(--theme-palette-color-8)"}}},"content_boxed_shadow":{"inherit":false,"blur":18,"spread":-6,"v_offset":12,"h_offset":0,"inset":false,"enable":true,"color":{"color":"rgba(34, 56, 101, 0.04)"}},"boxed_content_spacing":{"desktop":{"top":"40px","bottom":"40px","left":"40px","right":"40px","linked":true},"tablet":{"top":"35px","bottom":"35px","left":"35px","right":"35px","linked":true},"mobile":{"top":"20px","bottom":"20px","left":"20px","right":"20px","linked":true}},"content_boxed_radius":{"top":"3px","bottom":"3px","left":"3px","right":"3px","linked":true},"4fb4db25106c5d9189b4d1f3b1c8cc48":"","disable_featured_image":"no","disable_share_box":"no","disable_header":"no","disable_footer":"no"},"_links":{"self":[{"href":"https:\/\/tomekwodzirej.pl\/index.php\/wp-json\/wp\/v2\/pages\/678","targetHints":{"allow":["GET"]}}],"collection":[{"href":"https:\/\/tomekwodzirej.pl\/index.php\/wp-json\/wp\/v2\/pages"}],"about":[{"href":"https:\/\/tomekwodzirej.pl\/index.php\/wp-json\/wp\/v2\/types\/page"}],"author":[{"embeddable":true,"href":"https:\/\/tomekwodzirej.pl\/index.php\/wp-json\/wp\/v2\/users\/1"}],"replies":[{"embeddable":true,"href":"https:\/\/tomekwodzirej.pl\/index.php\/wp-json\/wp\/v2\/comments?post=678"}],"version-history":[{"count":9,"href":"https:\/\/tomekwodzirej.pl\/index.php\/wp-json\/wp\/v2\/pages\/678\/revisions"}],"predecessor-version":[{"id":1460,"href":"https:\/\/tomekwodzirej.pl\/index.php\/wp-json\/wp\/v2\/pages\/678\/revisions\/1460"}],"wp:attachment":[{"href":"https:\/\/tomekwodzirej.pl\/index.php\/wp-json\/wp\/v2\/media?parent=678"}],"curies":[{"name":"wp","href":"https:\/\/api.w.org\/{rel}","templated":true}]}}